{"id":608,"date":"2025-07-01T18:54:03","date_gmt":"2025-07-01T16:54:03","guid":{"rendered":"https:\/\/lumix.estima.site\/produkt\/niet-gecategoriseerd\/panele-winylowe-spc-czern-60cm-x-60cm-kopia\/"},"modified":"2026-02-16T09:25:40","modified_gmt":"2026-02-16T08:25:40","slug":"panele-winylowe-spc-czern-60cm-x-60cm-kopia","status":"publish","type":"product","link":"https:\/\/lumix.estima.site\/nl\/produkt\/wandpanelen\/sip-panelen\/panele-winylowe-spc-czern-60cm-x-60cm-kopia\/","title":{"rendered":"Panele winylowe SPC Czer\u0144 60cm x 60cm (Kopia)"},"content":{"rendered":"<h2>Panele winylowe SPC Calacatta White &#8211; Klasa i elegancja w Twoim domu<\/h2>\n<p>Vilo Panele winylowe SPC Calacatta White\u00a0to kwintesencja elegancji inspirowanej naturalnym marmurem. Jasna kolorystyka z delikatnymi, szarymi \u017cy\u0142kami doskonale oddaje subtelno\u015b\u0107 i luksus, kt\u00f3ry wprowadza do wn\u0119trz nowoczesny i wyrafinowany charakter. Ten ponadczasowy wz\u00f3r \u015bwietnie komponuje si\u0119 zar\u00f3wno z minimalistycznymi, jak i bardziej klasycznymi aran\u017cacjami, tworz\u0105c wyj\u0105tkowo stylowe wn\u0119trze.<\/p>\n<p><img loading=\"lazy\" decoding=\"async\" class=\"aligncenter wp-image-279 size-full\" src=\"https:\/\/lumix.estima.site\/wp-content\/uploads\/2025\/07\/image-72.png\" alt=\"\" width=\"873\" height=\"450\" srcset=\"https:\/\/lumix.estima.site\/wp-content\/uploads\/2025\/07\/image-72.png 873w, https:\/\/lumix.estima.site\/wp-content\/uploads\/2025\/07\/image-72-300x155.png 300w, https:\/\/lumix.estima.site\/wp-content\/uploads\/2025\/07\/image-72-768x396.png 768w, https:\/\/lumix.estima.site\/wp-content\/uploads\/2025\/07\/image-72-600x309.png 600w\" sizes=\"auto, (max-width: 873px) 100vw, 873px\" \/><\/p>\n<h3>Wysoka wytrzyma\u0142o\u015b\u0107 i odporno\u015b\u0107<\/h3>\n<p>Pod\u0142oga winylowa SPC Calacatta White to po\u0142\u0105czenie nowoczesnych technologii z wyj\u0105tkow\u0105 trwa\u0142o\u015bci\u0105. Dzi\u0119ki zastosowaniu technologii polimerowej, pod\u0142oga ta jest wyj\u0105tkowo sztywna i odporna na uszkodzenia. Klasa \u015bcieralno\u015bci AC5\/33 gwarantuje wysok\u0105 odporno\u015b\u0107 na zniszczenia, co czyni j\u0105 idealnym rozwi\u0105zaniem zar\u00f3wno dla dom\u00f3w, jak i przestrzeni u\u017cyteczno\u015bci publicznej o du\u017cym nat\u0119\u017ceniu ruchu.<\/p>\n<h3>Wodoodporno\u015b\u0107 i bezpiecze\u0144stwo<\/h3>\n<p>Jedn\u0105 z kluczowych zalet\u00a0pod\u0142ogi winylowej SPC Calacatta White\u00a0jest jej\u00a0wodoodporno\u015b\u0107, co pozwala na zastosowanie jej w miejscach nara\u017conych na wilgo\u0107, t<\/p>\n","protected":false},"excerpt":{"rendered":"<p>Panele winylowe SPC Calacatta White &#8211; Klasa i elegancja w Twoim domu Vilo Panele winylowe SPC Calacatta White\u00a0to kwintesencja elegancji inspirowanej naturalnym marmurem. Jasna kolorystyka z delikatnymi, szarymi \u017cy\u0142kami doskonale oddaje subtelno\u015b\u0107 i luksus, kt\u00f3ry wprowadza do wn\u0119trz nowoczesny i wyrafinowany charakter. Ten ponadczasowy wz\u00f3r \u015bwietnie komponuje si\u0119 zar\u00f3wno z minimalistycznymi, jak i bardziej klasycznymi &hellip;<\/p>\n","protected":false},"featured_media":610,"comment_status":"open","ping_status":"closed","template":"","meta":{"_acf_changed":false,"inline_featured_image":false},"product_brand":[44],"product_cat":[102,61,67,80,76,88,74,70,84,63,65,90,78,86,98,94,100,82,92,96,72],"product_tag":[],"class_list":{"0":"post-608","1":"product","2":"type-product","3":"status-publish","4":"has-post-thumbnail","6":"product_brand-vilo","7":"product_cat-aanbevolen","8":"product_cat-anker","9":"product_cat-bestsellers","10":"product_cat-energieopslag","11":"product_cat-fotovoltaische-cellen","12":"product_cat-fotovoltaische-panelen","13":"product_cat-gevelpanelen-met-isolatie","14":"product_cat-hoogte","15":"product_cat-intern","16":"product_cat-keuken","17":"product_cat-multifunctionele-spoelbakken","18":"product_cat-omvormers","20":"product_cat-plafond","21":"product_cat-sip-panelen","22":"product_cat-spc-vloerpanelen","23":"product_cat-spc-wandpanelen","24":"product_cat-verlichting","25":"product_cat-vloerpanelen","26":"product_cat-wandpanelen","27":"product_cat-wpc-gevelplaat","29":"first","30":"instock","31":"sale","32":"taxable","33":"shipping-taxable","34":"purchasable","35":"product-type-simple"},"acf":[],"yoast_head":"<!-- This site is optimized with the Yoast SEO plugin v26.9 - https:\/\/yoast.com\/product\/yoast-seo-wordpress\/ -->\n<title>Panele winylowe SPC Czer\u0144 60cm x 60cm (Kopia) - Lumix24<\/title>\n<meta name=\"robots\" content=\"noindex, follow, max-snippet:-1, max-image-preview:large, max-video-preview:-1\" \/>\n<meta property=\"og:locale\" content=\"nl_NL\" \/>\n<meta property=\"og:type\" content=\"article\" \/>\n<meta property=\"og:title\" content=\"Panele winylowe SPC Czer\u0144 60cm x 60cm (Kopia) - Lumix24\" \/>\n<meta property=\"og:description\" content=\"Panele winylowe SPC Calacatta White &#8211; Klasa i elegancja w Twoim domu Vilo Panele winylowe SPC Calacatta White\u00a0to kwintesencja elegancji inspirowanej naturalnym marmurem. Jasna kolorystyka z delikatnymi, szarymi \u017cy\u0142kami doskonale oddaje subtelno\u015b\u0107 i luksus, kt\u00f3ry wprowadza do wn\u0119trz nowoczesny i wyrafinowany charakter. Ten ponadczasowy wz\u00f3r \u015bwietnie komponuje si\u0119 zar\u00f3wno z minimalistycznymi, jak i bardziej klasycznymi &hellip;\" \/>\n<meta property=\"og:url\" content=\"https:\/\/lumix.estima.site\/nl\/produkt\/wandpanelen\/sip-panelen\/panele-winylowe-spc-czern-60cm-x-60cm-kopia\/\" \/>\n<meta property=\"og:site_name\" content=\"Lumix24\" \/>\n<meta property=\"article:modified_time\" content=\"2026-02-16T08:25:40+00:00\" \/>\n<meta property=\"og:image\" content=\"https:\/\/lumix.estima.site\/wp-content\/uploads\/2025\/07\/image-72.png\" \/>\n\t<meta property=\"og:image:width\" content=\"873\" \/>\n\t<meta property=\"og:image:height\" content=\"450\" \/>\n\t<meta property=\"og:image:type\" content=\"image\/png\" \/>\n<meta name=\"twitter:card\" content=\"summary_large_image\" \/>\n<meta name=\"twitter:label1\" content=\"Geschatte leestijd\" \/>\n\t<meta name=\"twitter:data1\" content=\"1 minuut\" \/>\n<script type=\"application\/ld+json\" class=\"yoast-schema-graph\">{\"@context\":\"https:\/\/schema.org\",\"@graph\":[{\"@type\":\"WebPage\",\"@id\":\"https:\/\/lumix.estima.site\/nl\/produkt\/wandpanelen\/sip-panelen\/panele-winylowe-spc-czern-60cm-x-60cm-kopia\/\",\"url\":\"https:\/\/lumix.estima.site\/nl\/produkt\/wandpanelen\/sip-panelen\/panele-winylowe-spc-czern-60cm-x-60cm-kopia\/\",\"name\":\"Panele winylowe SPC Czer\u0144 60cm x 60cm (Kopia) - Lumix24\",\"isPartOf\":{\"@id\":\"https:\/\/lumix.estima.site\/nl\/#website\"},\"primaryImageOfPage\":{\"@id\":\"https:\/\/lumix.estima.site\/nl\/produkt\/wandpanelen\/sip-panelen\/panele-winylowe-spc-czern-60cm-x-60cm-kopia\/#primaryimage\"},\"image\":{\"@id\":\"https:\/\/lumix.estima.site\/nl\/produkt\/wandpanelen\/sip-panelen\/panele-winylowe-spc-czern-60cm-x-60cm-kopia\/#primaryimage\"},\"thumbnailUrl\":\"https:\/\/lumix.estima.site\/wp-content\/uploads\/2025\/06\/image1.png\",\"datePublished\":\"2025-07-01T16:54:03+00:00\",\"dateModified\":\"2026-02-16T08:25:40+00:00\",\"breadcrumb\":{\"@id\":\"https:\/\/lumix.estima.site\/nl\/produkt\/wandpanelen\/sip-panelen\/panele-winylowe-spc-czern-60cm-x-60cm-kopia\/#breadcrumb\"},\"inLanguage\":\"nl-NL\",\"potentialAction\":[{\"@type\":\"ReadAction\",\"target\":[\"https:\/\/lumix.estima.site\/nl\/produkt\/wandpanelen\/sip-panelen\/panele-winylowe-spc-czern-60cm-x-60cm-kopia\/\"]}]},{\"@type\":\"ImageObject\",\"inLanguage\":\"nl-NL\",\"@id\":\"https:\/\/lumix.estima.site\/nl\/produkt\/wandpanelen\/sip-panelen\/panele-winylowe-spc-czern-60cm-x-60cm-kopia\/#primaryimage\",\"url\":\"https:\/\/lumix.estima.site\/wp-content\/uploads\/2025\/06\/image1.png\",\"contentUrl\":\"https:\/\/lumix.estima.site\/wp-content\/uploads\/2025\/06\/image1.png\",\"width\":252,\"height\":199},{\"@type\":\"BreadcrumbList\",\"@id\":\"https:\/\/lumix.estima.site\/nl\/produkt\/wandpanelen\/sip-panelen\/panele-winylowe-spc-czern-60cm-x-60cm-kopia\/#breadcrumb\",\"itemListElement\":[{\"@type\":\"ListItem\",\"position\":1,\"name\":\"\",\"item\":\"https:\/\/lumix.estima.site\/nl\/online-bouwmarkt\/\"},{\"@type\":\"ListItem\",\"position\":2,\"name\":\"Winkel\",\"item\":\"https:\/\/lumix.estima.site\/nl\/winkel\/\"},{\"@type\":\"ListItem\",\"position\":3,\"name\":\"Panele winylowe SPC Czer\u0144 60cm x 60cm (Kopia)\"}]},{\"@type\":\"WebSite\",\"@id\":\"https:\/\/lumix.estima.site\/nl\/#website\",\"url\":\"https:\/\/lumix.estima.site\/nl\/\",\"name\":\"Lumix24\",\"description\":\"\",\"potentialAction\":[{\"@type\":\"SearchAction\",\"target\":{\"@type\":\"EntryPoint\",\"urlTemplate\":\"https:\/\/lumix.estima.site\/nl\/?s={search_term_string}\"},\"query-input\":{\"@type\":\"PropertyValueSpecification\",\"valueRequired\":true,\"valueName\":\"search_term_string\"}}],\"inLanguage\":\"nl-NL\"}]}<\/script>\n<!-- \/ Yoast SEO plugin. -->","yoast_head_json":{"title":"Panele winylowe SPC Czer\u0144 60cm x 60cm (Kopia) - Lumix24","robots":{"index":"noindex","follow":"follow","max-snippet":"max-snippet:-1","max-image-preview":"max-image-preview:large","max-video-preview":"max-video-preview:-1"},"og_locale":"nl_NL","og_type":"article","og_title":"Panele winylowe SPC Czer\u0144 60cm x 60cm (Kopia) - Lumix24","og_description":"Panele winylowe SPC Calacatta White &#8211; Klasa i elegancja w Twoim domu Vilo Panele winylowe SPC Calacatta White\u00a0to kwintesencja elegancji inspirowanej naturalnym marmurem. Jasna kolorystyka z delikatnymi, szarymi \u017cy\u0142kami doskonale oddaje subtelno\u015b\u0107 i luksus, kt\u00f3ry wprowadza do wn\u0119trz nowoczesny i wyrafinowany charakter. Ten ponadczasowy wz\u00f3r \u015bwietnie komponuje si\u0119 zar\u00f3wno z minimalistycznymi, jak i bardziej klasycznymi &hellip;","og_url":"https:\/\/lumix.estima.site\/nl\/produkt\/wandpanelen\/sip-panelen\/panele-winylowe-spc-czern-60cm-x-60cm-kopia\/","og_site_name":"Lumix24","article_modified_time":"2026-02-16T08:25:40+00:00","og_image":[{"width":873,"height":450,"url":"https:\/\/lumix.estima.site\/wp-content\/uploads\/2025\/07\/image-72.png","type":"image\/png"}],"twitter_card":"summary_large_image","twitter_misc":{"Geschatte leestijd":"1 minuut"},"schema":{"@context":"https:\/\/schema.org","@graph":[{"@type":"WebPage","@id":"https:\/\/lumix.estima.site\/nl\/produkt\/wandpanelen\/sip-panelen\/panele-winylowe-spc-czern-60cm-x-60cm-kopia\/","url":"https:\/\/lumix.estima.site\/nl\/produkt\/wandpanelen\/sip-panelen\/panele-winylowe-spc-czern-60cm-x-60cm-kopia\/","name":"Panele winylowe SPC Czer\u0144 60cm x 60cm (Kopia) - Lumix24","isPartOf":{"@id":"https:\/\/lumix.estima.site\/nl\/#website"},"primaryImageOfPage":{"@id":"https:\/\/lumix.estima.site\/nl\/produkt\/wandpanelen\/sip-panelen\/panele-winylowe-spc-czern-60cm-x-60cm-kopia\/#primaryimage"},"image":{"@id":"https:\/\/lumix.estima.site\/nl\/produkt\/wandpanelen\/sip-panelen\/panele-winylowe-spc-czern-60cm-x-60cm-kopia\/#primaryimage"},"thumbnailUrl":"https:\/\/lumix.estima.site\/wp-content\/uploads\/2025\/06\/image1.png","datePublished":"2025-07-01T16:54:03+00:00","dateModified":"2026-02-16T08:25:40+00:00","breadcrumb":{"@id":"https:\/\/lumix.estima.site\/nl\/produkt\/wandpanelen\/sip-panelen\/panele-winylowe-spc-czern-60cm-x-60cm-kopia\/#breadcrumb"},"inLanguage":"nl-NL","potentialAction":[{"@type":"ReadAction","target":["https:\/\/lumix.estima.site\/nl\/produkt\/wandpanelen\/sip-panelen\/panele-winylowe-spc-czern-60cm-x-60cm-kopia\/"]}]},{"@type":"ImageObject","inLanguage":"nl-NL","@id":"https:\/\/lumix.estima.site\/nl\/produkt\/wandpanelen\/sip-panelen\/panele-winylowe-spc-czern-60cm-x-60cm-kopia\/#primaryimage","url":"https:\/\/lumix.estima.site\/wp-content\/uploads\/2025\/06\/image1.png","contentUrl":"https:\/\/lumix.estima.site\/wp-content\/uploads\/2025\/06\/image1.png","width":252,"height":199},{"@type":"BreadcrumbList","@id":"https:\/\/lumix.estima.site\/nl\/produkt\/wandpanelen\/sip-panelen\/panele-winylowe-spc-czern-60cm-x-60cm-kopia\/#breadcrumb","itemListElement":[{"@type":"ListItem","position":1,"name":"","item":"https:\/\/lumix.estima.site\/nl\/online-bouwmarkt\/"},{"@type":"ListItem","position":2,"name":"Winkel","item":"https:\/\/lumix.estima.site\/nl\/winkel\/"},{"@type":"ListItem","position":3,"name":"Panele winylowe SPC Czer\u0144 60cm x 60cm (Kopia)"}]},{"@type":"WebSite","@id":"https:\/\/lumix.estima.site\/nl\/#website","url":"https:\/\/lumix.estima.site\/nl\/","name":"Lumix24","description":"","potentialAction":[{"@type":"SearchAction","target":{"@type":"EntryPoint","urlTemplate":"https:\/\/lumix.estima.site\/nl\/?s={search_term_string}"},"query-input":{"@type":"PropertyValueSpecification","valueRequired":true,"valueName":"search_term_string"}}],"inLanguage":"nl-NL"}]}},"_links":{"self":[{"href":"https:\/\/lumix.estima.site\/nl\/wp-json\/wp\/v2\/product\/608","targetHints":{"allow":["GET"]}}],"collection":[{"href":"https:\/\/lumix.estima.site\/nl\/wp-json\/wp\/v2\/product"}],"about":[{"href":"https:\/\/lumix.estima.site\/nl\/wp-json\/wp\/v2\/types\/product"}],"replies":[{"embeddable":true,"href":"https:\/\/lumix.estima.site\/nl\/wp-json\/wp\/v2\/comments?post=608"}],"wp:featuredmedia":[{"embeddable":true,"href":"https:\/\/lumix.estima.site\/nl\/wp-json\/wp\/v2\/media\/610"}],"wp:attachment":[{"href":"https:\/\/lumix.estima.site\/nl\/wp-json\/wp\/v2\/media?parent=608"}],"wp:term":[{"taxonomy":"product_brand","embeddable":true,"href":"https:\/\/lumix.estima.site\/nl\/wp-json\/wp\/v2\/product_brand?post=608"},{"taxonomy":"product_cat","embeddable":true,"href":"https:\/\/lumix.estima.site\/nl\/wp-json\/wp\/v2\/product_cat?post=608"},{"taxonomy":"product_tag","embeddable":true,"href":"https:\/\/lumix.estima.site\/nl\/wp-json\/wp\/v2\/product_tag?post=608"}],"curies":[{"name":"wp","href":"https:\/\/api.w.org\/{rel}","templated":true}]}}